{"id":7237,"date":"2024-11-21T11:46:02","date_gmt":"2024-11-21T10:46:02","guid":{"rendered":"https:\/\/vetta.si\/product\/krtaca-za-ciscenje-plasca-peatys-tyre-brush\/"},"modified":"2026-02-17T14:03:47","modified_gmt":"2026-02-17T13:03:47","slug":"krtaca-za-ciscenje-plasca-peatys-tyre-brush","status":"publish","type":"product","link":"https:\/\/vetta.si\/en\/product\/krtaca-za-ciscenje-plasca-peatys-tyre-brush\/","title":{"rendered":"Krta\u010da Za \u010ci\u0161\u010denje Pla\u0161\u010da PEATY&#8217;S Tyre Brush"},"content":{"rendered":"<p data-start=\"40\" data-end=\"91\"><strong data-start=\"40\" data-end=\"89\">Peaty\u2019s Tyre Brush \u2013 Cleaning Brush for Tyres<\/strong><\/p>\n<p data-start=\"93\" data-end=\"472\">Peaty\u2019s Tyre Brush is the ideal solution for quick and effective tyre cleaning, leaving them looking as good as new. With its durable, stiff bristles and thoughtfully designed brush head, it provides maximum surface contact for thorough removal of dirt and mud. The bristles are positioned perpendicular to the handle, ensuring comfortable use and optimal cleaning performance.<\/p>\n<p data-start=\"474\" data-end=\"596\">Designed with the environment in mind, Peaty\u2019s Tyre Brush is made from natural materials and is completely plastic-free.<\/p>\n","protected":false},"excerpt":{"rendered":"<p data-start=\"56\" data-end=\"97\"><strong data-start=\"56\" data-end=\"95\">Key Features of Peaty\u2019s Tyre Brush:<\/strong><\/p>\n<ul data-start=\"98\" data-end=\"368\">\n<li data-start=\"98\" data-end=\"146\">\n<p data-start=\"100\" data-end=\"146\">Durable, stiff bristles for long-lasting use<\/p>\n<\/li>\n<li data-start=\"147\" data-end=\"217\">\n<p data-start=\"149\" data-end=\"217\">Mixed-height bristles for optimal grip and effective tyre cleaning<\/p>\n<\/li>\n<li data-start=\"218\" data-end=\"278\">\n<p data-start=\"220\" data-end=\"278\">Peaty\u2019s laser-engraved logo on a waxed beech wood handle<\/p>\n<\/li>\n<li data-start=\"279\" data-end=\"368\">\n<p data-start=\"281\" data-end=\"368\">Packaging made from natural jute and 100% recycled cardboard, completely plastic-free<\/p>\n<\/li>\n<\/ul>\n","protected":false},"featured_media":6404,"comment_status":"open","ping_status":"closed","template":"","meta":{"_acf_changed":false},"product_brand":[335],"product_cat":[474],"product_tag":[],"class_list":{"0":"post-7237","1":"product","2":"type-product","3":"status-publish","4":"has-post-thumbnail","6":"product_brand-peatys-en","7":"product_cat-outlet","9":"first","10":"instock","11":"sale","12":"taxable","13":"shipping-taxable","14":"purchasable","15":"product-type-simple"},"acf":[],"yoast_head":"<!-- This site is optimized with the Yoast SEO plugin v26.2 - https:\/\/yoast.com\/wordpress\/plugins\/seo\/ -->\n<title>Krta\u010da Za \u010ci\u0161\u010denje Pla\u0161\u010da PEATY&#039;S Tyre Brush - VETTA Trade<\/title>\n<meta name=\"robots\" content=\"index, follow, max-snippet:-1, max-image-preview:large, max-video-preview:-1\" \/>\n<link rel=\"canonical\" href=\"https:\/\/vetta.si\/en\/product\/krtaca-za-ciscenje-plasca-peatys-tyre-brush\/\" \/>\n<meta property=\"og:locale\" content=\"en_US\" \/>\n<meta property=\"og:type\" content=\"article\" \/>\n<meta property=\"og:title\" content=\"Krta\u010da Za \u010ci\u0161\u010denje Pla\u0161\u010da PEATY&#039;S Tyre Brush - VETTA Trade\" \/>\n<meta property=\"og:description\" content=\"Key Features of Peaty\u2019s Tyre Brush:     Durable, stiff bristles for long-lasting use    Mixed-height bristles for optimal grip and effective tyre cleaning    Peaty\u2019s laser-engraved logo on a waxed beech wood handle    Packaging made from natural jute and 100% recycled cardboard, completely plastic-free\" \/>\n<meta property=\"og:url\" content=\"https:\/\/vetta.si\/en\/product\/krtaca-za-ciscenje-plasca-peatys-tyre-brush\/\" \/>\n<meta property=\"og:site_name\" content=\"VETTA Trade\" \/>\n<meta property=\"article:modified_time\" content=\"2026-02-17T13:03:47+00:00\" \/>\n<meta property=\"og:image\" content=\"https:\/\/vetta.si\/wp-content\/uploads\/2024\/11\/vetta-izdelek-Krtaca-Za-Ciscenje-Plasca-Peatys-Tyre-Brush-PBR-TYR-24-0.jpg\" \/>\n\t<meta property=\"og:image:width\" content=\"1500\" \/>\n\t<meta property=\"og:image:height\" content=\"1500\" \/>\n\t<meta property=\"og:image:type\" content=\"image\/jpeg\" \/>\n<meta name=\"twitter:card\" content=\"summary_large_image\" \/>\n<script type=\"application\/ld+json\" class=\"yoast-schema-graph\">{\"@context\":\"https:\/\/schema.org\",\"@graph\":[{\"@type\":\"WebPage\",\"@id\":\"https:\/\/vetta.si\/en\/product\/krtaca-za-ciscenje-plasca-peatys-tyre-brush\/\",\"url\":\"https:\/\/vetta.si\/en\/product\/krtaca-za-ciscenje-plasca-peatys-tyre-brush\/\",\"name\":\"Krta\u010da Za \u010ci\u0161\u010denje Pla\u0161\u010da PEATY'S Tyre Brush - VETTA Trade\",\"isPartOf\":{\"@id\":\"https:\/\/vetta.si\/en\/#website\"},\"primaryImageOfPage\":{\"@id\":\"https:\/\/vetta.si\/en\/product\/krtaca-za-ciscenje-plasca-peatys-tyre-brush\/#primaryimage\"},\"image\":{\"@id\":\"https:\/\/vetta.si\/en\/product\/krtaca-za-ciscenje-plasca-peatys-tyre-brush\/#primaryimage\"},\"thumbnailUrl\":\"https:\/\/vetta.si\/wp-content\/uploads\/2024\/11\/vetta-izdelek-Krtaca-Za-Ciscenje-Plasca-Peatys-Tyre-Brush-PBR-TYR-24-0.jpg\",\"datePublished\":\"2024-11-21T10:46:02+00:00\",\"dateModified\":\"2026-02-17T13:03:47+00:00\",\"breadcrumb\":{\"@id\":\"https:\/\/vetta.si\/en\/product\/krtaca-za-ciscenje-plasca-peatys-tyre-brush\/#breadcrumb\"},\"inLanguage\":\"en-US\",\"potentialAction\":[{\"@type\":\"ReadAction\",\"target\":[\"https:\/\/vetta.si\/en\/product\/krtaca-za-ciscenje-plasca-peatys-tyre-brush\/\"]}]},{\"@type\":\"ImageObject\",\"inLanguage\":\"en-US\",\"@id\":\"https:\/\/vetta.si\/en\/product\/krtaca-za-ciscenje-plasca-peatys-tyre-brush\/#primaryimage\",\"url\":\"https:\/\/vetta.si\/wp-content\/uploads\/2024\/11\/vetta-izdelek-Krtaca-Za-Ciscenje-Plasca-Peatys-Tyre-Brush-PBR-TYR-24-0.jpg\",\"contentUrl\":\"https:\/\/vetta.si\/wp-content\/uploads\/2024\/11\/vetta-izdelek-Krtaca-Za-Ciscenje-Plasca-Peatys-Tyre-Brush-PBR-TYR-24-0.jpg\",\"width\":1500,\"height\":1500},{\"@type\":\"BreadcrumbList\",\"@id\":\"https:\/\/vetta.si\/en\/product\/krtaca-za-ciscenje-plasca-peatys-tyre-brush\/#breadcrumb\",\"itemListElement\":[{\"@type\":\"ListItem\",\"position\":1,\"name\":\"Home\",\"item\":\"https:\/\/vetta.si\/en\/\"},{\"@type\":\"ListItem\",\"position\":2,\"name\":\"Shop\",\"item\":\"https:\/\/vetta.si\/en\/shop\/\"},{\"@type\":\"ListItem\",\"position\":3,\"name\":\"Krta\u010da Za \u010ci\u0161\u010denje Pla\u0161\u010da PEATY&#8217;S Tyre Brush\"}]},{\"@type\":\"WebSite\",\"@id\":\"https:\/\/vetta.si\/en\/#website\",\"url\":\"https:\/\/vetta.si\/en\/\",\"name\":\"VETTA Trade\",\"description\":\"Bike components\",\"potentialAction\":[{\"@type\":\"SearchAction\",\"target\":{\"@type\":\"EntryPoint\",\"urlTemplate\":\"https:\/\/vetta.si\/en\/?s={search_term_string}\"},\"query-input\":{\"@type\":\"PropertyValueSpecification\",\"valueRequired\":true,\"valueName\":\"search_term_string\"}}],\"inLanguage\":\"en-US\"}]}<\/script>\n<!-- \/ Yoast SEO plugin. -->","yoast_head_json":{"title":"Krta\u010da Za \u010ci\u0161\u010denje Pla\u0161\u010da PEATY'S Tyre Brush - VETTA Trade","robots":{"index":"index","follow":"follow","max-snippet":"max-snippet:-1","max-image-preview":"max-image-preview:large","max-video-preview":"max-video-preview:-1"},"canonical":"https:\/\/vetta.si\/en\/product\/krtaca-za-ciscenje-plasca-peatys-tyre-brush\/","og_locale":"en_US","og_type":"article","og_title":"Krta\u010da Za \u010ci\u0161\u010denje Pla\u0161\u010da PEATY'S Tyre Brush - VETTA Trade","og_description":"Key Features of Peaty\u2019s Tyre Brush:     Durable, stiff bristles for long-lasting use    Mixed-height bristles for optimal grip and effective tyre cleaning    Peaty\u2019s laser-engraved logo on a waxed beech wood handle    Packaging made from natural jute and 100% recycled cardboard, completely plastic-free","og_url":"https:\/\/vetta.si\/en\/product\/krtaca-za-ciscenje-plasca-peatys-tyre-brush\/","og_site_name":"VETTA Trade","article_modified_time":"2026-02-17T13:03:47+00:00","og_image":[{"width":1500,"height":1500,"url":"https:\/\/vetta.si\/wp-content\/uploads\/2024\/11\/vetta-izdelek-Krtaca-Za-Ciscenje-Plasca-Peatys-Tyre-Brush-PBR-TYR-24-0.jpg","type":"image\/jpeg"}],"twitter_card":"summary_large_image","schema":{"@context":"https:\/\/schema.org","@graph":[{"@type":"WebPage","@id":"https:\/\/vetta.si\/en\/product\/krtaca-za-ciscenje-plasca-peatys-tyre-brush\/","url":"https:\/\/vetta.si\/en\/product\/krtaca-za-ciscenje-plasca-peatys-tyre-brush\/","name":"Krta\u010da Za \u010ci\u0161\u010denje Pla\u0161\u010da PEATY'S Tyre Brush - VETTA Trade","isPartOf":{"@id":"https:\/\/vetta.si\/en\/#website"},"primaryImageOfPage":{"@id":"https:\/\/vetta.si\/en\/product\/krtaca-za-ciscenje-plasca-peatys-tyre-brush\/#primaryimage"},"image":{"@id":"https:\/\/vetta.si\/en\/product\/krtaca-za-ciscenje-plasca-peatys-tyre-brush\/#primaryimage"},"thumbnailUrl":"https:\/\/vetta.si\/wp-content\/uploads\/2024\/11\/vetta-izdelek-Krtaca-Za-Ciscenje-Plasca-Peatys-Tyre-Brush-PBR-TYR-24-0.jpg","datePublished":"2024-11-21T10:46:02+00:00","dateModified":"2026-02-17T13:03:47+00:00","breadcrumb":{"@id":"https:\/\/vetta.si\/en\/product\/krtaca-za-ciscenje-plasca-peatys-tyre-brush\/#breadcrumb"},"inLanguage":"en-US","potentialAction":[{"@type":"ReadAction","target":["https:\/\/vetta.si\/en\/product\/krtaca-za-ciscenje-plasca-peatys-tyre-brush\/"]}]},{"@type":"ImageObject","inLanguage":"en-US","@id":"https:\/\/vetta.si\/en\/product\/krtaca-za-ciscenje-plasca-peatys-tyre-brush\/#primaryimage","url":"https:\/\/vetta.si\/wp-content\/uploads\/2024\/11\/vetta-izdelek-Krtaca-Za-Ciscenje-Plasca-Peatys-Tyre-Brush-PBR-TYR-24-0.jpg","contentUrl":"https:\/\/vetta.si\/wp-content\/uploads\/2024\/11\/vetta-izdelek-Krtaca-Za-Ciscenje-Plasca-Peatys-Tyre-Brush-PBR-TYR-24-0.jpg","width":1500,"height":1500},{"@type":"BreadcrumbList","@id":"https:\/\/vetta.si\/en\/product\/krtaca-za-ciscenje-plasca-peatys-tyre-brush\/#breadcrumb","itemListElement":[{"@type":"ListItem","position":1,"name":"Home","item":"https:\/\/vetta.si\/en\/"},{"@type":"ListItem","position":2,"name":"Shop","item":"https:\/\/vetta.si\/en\/shop\/"},{"@type":"ListItem","position":3,"name":"Krta\u010da Za \u010ci\u0161\u010denje Pla\u0161\u010da PEATY&#8217;S Tyre Brush"}]},{"@type":"WebSite","@id":"https:\/\/vetta.si\/en\/#website","url":"https:\/\/vetta.si\/en\/","name":"VETTA Trade","description":"Bike components","potentialAction":[{"@type":"SearchAction","target":{"@type":"EntryPoint","urlTemplate":"https:\/\/vetta.si\/en\/?s={search_term_string}"},"query-input":{"@type":"PropertyValueSpecification","valueRequired":true,"valueName":"search_term_string"}}],"inLanguage":"en-US"}]}},"_links":{"self":[{"href":"https:\/\/vetta.si\/en\/wp-json\/wp\/v2\/product\/7237","targetHints":{"allow":["GET"]}}],"collection":[{"href":"https:\/\/vetta.si\/en\/wp-json\/wp\/v2\/product"}],"about":[{"href":"https:\/\/vetta.si\/en\/wp-json\/wp\/v2\/types\/product"}],"replies":[{"embeddable":true,"href":"https:\/\/vetta.si\/en\/wp-json\/wp\/v2\/comments?post=7237"}],"wp:featuredmedia":[{"embeddable":true,"href":"https:\/\/vetta.si\/en\/wp-json\/wp\/v2\/media\/6404"}],"wp:attachment":[{"href":"https:\/\/vetta.si\/en\/wp-json\/wp\/v2\/media?parent=7237"}],"wp:term":[{"taxonomy":"product_brand","embeddable":true,"href":"https:\/\/vetta.si\/en\/wp-json\/wp\/v2\/product_brand?post=7237"},{"taxonomy":"product_cat","embeddable":true,"href":"https:\/\/vetta.si\/en\/wp-json\/wp\/v2\/product_cat?post=7237"},{"taxonomy":"product_tag","embeddable":true,"href":"https:\/\/vetta.si\/en\/wp-json\/wp\/v2\/product_tag?post=7237"}],"curies":[{"name":"wp","href":"https:\/\/api.w.org\/{rel}","templated":true}]}}